{"id":76,"date":"2015-06-08T22:38:15","date_gmt":"2015-06-08T20:38:15","guid":{"rendered":"http:\/\/foerderverein-ruegland.de\/?page_id=76"},"modified":"2024-10-17T12:07:07","modified_gmt":"2024-10-17T10:07:07","slug":"vorstandschaft","status":"publish","type":"page","link":"http:\/\/foerderverein-ruegland.de\/?page_id=76","title":{"rendered":"Vorstandschaft"},"content":{"rendered":"<h2>Vorstandsteam<\/h2>\n<h5>Vorsitzende :<\/h5>\n<p>Kathrin Klaile<\/p>\n<h5>Stellv. Vorsitzende:<\/h5>\n<p>Barbara Fleischmann<\/p>\n<h5>Kassenverantwortliche :<\/h5>\n<p>Annika Schwemmer<\/p>\n<h5>Weitere Vorstandsmitglieder :<\/h5>\n<p>Sophia Schuster<\/p>\n<p>Marina Denzel<\/p>\n<h5>Kassenpr\u00fcfung:<\/h5>\n<p>Christian Porlein<\/p>\n<p>Armin Pfister<\/p>\n<h2>Vorstandsitzung<\/h2>\n<p>Vorstandsitzungen sind grunds\u00e4tzlich \u00f6ffentlich. Die Termine werden im Kalender auf der Homepage angezeigt.<\/p>\n","protected":false},"excerpt":{"rendered":"<p>Vorstandsteam Vorsitzende : Kathrin Klaile Stellv. Vorsitzende: Barbara Fleischmann Kassenverantwortliche : Annika Schwemmer Weitere Vorstandsmitglieder : Sophia Schuster Marina Denzel Kassenpr\u00fcfung: Christian Porlein Armin Pfister Vorstandsitzung Vorstandsitzungen sind grunds\u00e4tzlich \u00f6ffentlich. [&hellip;]<\/p>\n","protected":false},"author":1,"featured_media":0,"parent":0,"menu_order":0,"comment_status":"closed","ping_status":"closed","template":"","meta":{"footnotes":""},"_links":{"self":[{"href":"http:\/\/foerderverein-ruegland.de\/index.php?rest_route=\/wp\/v2\/pages\/76"}],"collection":[{"href":"http:\/\/foerderverein-ruegland.de\/index.php?rest_route=\/wp\/v2\/pages"}],"about":[{"href":"http:\/\/foerderverein-ruegland.de\/index.php?rest_route=\/wp\/v2\/types\/page"}],"author":[{"embeddable":true,"href":"http:\/\/foerderverein-ruegland.de\/index.php?rest_route=\/wp\/v2\/users\/1"}],"replies":[{"embeddable":true,"href":"http:\/\/foerderverein-ruegland.de\/index.php?rest_route=%2Fwp%2Fv2%2Fcomments&post=76"}],"version-history":[{"count":16,"href":"http:\/\/foerderverein-ruegland.de\/index.php?rest_route=\/wp\/v2\/pages\/76\/revisions"}],"predecessor-version":[{"id":479,"href":"http:\/\/foerderverein-ruegland.de\/index.php?rest_route=\/wp\/v2\/pages\/76\/revisions\/479"}],"wp:attachment":[{"href":"http:\/\/foerderverein-ruegland.de\/index.php?rest_route=%2Fwp%2Fv2%2Fmedia&parent=76"}],"curies":[{"name":"wp","href":"https:\/\/api.w.org\/{rel}","templated":true}]}}