{"id":15,"date":"2015-04-14T22:25:32","date_gmt":"2015-04-14T20:25:32","guid":{"rendered":"http:\/\/foerderverein-ruegland.de\/?page_id=15"},"modified":"2025-03-05T11:57:21","modified_gmt":"2025-03-05T10:57:21","slug":"home","status":"publish","type":"page","link":"https:\/\/foerderverein-ruegland.de\/","title":{"rendered":"Home"},"content":{"rendered":"<p><a href=\"http:\/\/foerderverein-ruegland.de\/wp-content\/uploads\/2019\/01\/5.Logobild_Fo\u2560\u00earderverein_7x5cm.png\"><img loading=\"lazy\" decoding=\"async\" class=\"size-full wp-image-335\" src=\"http:\/\/foerderverein-ruegland.de\/wp-content\/uploads\/2019\/01\/5.Logobild_Fo\u2560\u00earderverein_7x5cm.png\" alt=\"\" width=\"181\" height=\"133\" srcset=\"https:\/\/foerderverein-ruegland.de\/wp-content\/uploads\/2019\/01\/5.Logobild_Fo\u2560\u00earderverein_7x5cm.png 181w, https:\/\/foerderverein-ruegland.de\/wp-content\/uploads\/2019\/01\/5.Logobild_Fo\u2560\u00earderverein_7x5cm-150x110.png 150w, https:\/\/foerderverein-ruegland.de\/wp-content\/uploads\/2019\/01\/5.Logobild_Fo\u2560\u00earderverein_7x5cm-100x73.png 100w\" sizes=\"(max-width: 181px) 100vw, 181px\" \/><\/a><\/p>\n<h1 style=\"text-align: center;\">Herzlich willkommen auf den Internetseiten des F\u00f6rdervereins f\u00fcr Kinder- und Jugendarbeit R\u00fcgland e.V.<\/h1>\n<p style=\"text-align: center;\"><span style=\"color: #ff0000;\"><strong>\u00a0<\/strong><\/span><\/p>\n<p>Der F\u00f6rderverein f\u00fcr Kinder\u2013 und Jugendarbeit ist aus einer Initiative von interessierten Familien hervorgegangen, um die Aktivit\u00e4ten f\u00fcr die Kinder- und Jugendarbeit in der Gemeinde R\u00fcgland zu unterst\u00fctzen. Unser Aktionsfeld umfasst neben der politischen Gemeinde auch die evang. Kirchengemeinden R\u00fcgland und Unternbibert. Unser Ziel ist es, dass wir f\u00fcr Kinder, Jugendliche und deren Familien in unserem Bereich etwas bewegen, initiieren und familienfreundliche Rahmenbedingungen schaffen. Wir verstehen uns nicht als Konkurrenz zu Vereinen sondern als Erg\u00e4nzung vorhandener Angebote. Dabei wollen wir neu Aktivit\u00e4ten f\u00fcr Kinder, Jugendliche und Familien initiieren.<\/p>\n<p>Dabei sind wir auf die aktive Unterst\u00fctzung und Mitarbeit von vielen interessierten Menschen angewiesen.<\/p>\n<p>Wir sind vom Finanzamt Ansbach als f\u00f6rderw\u00fcrdig anerkannt. Das hei\u00dft, dass Spenden an uns, aber auch die Mitgliedsbeitr\u00e4ge bei der jeweiligen Einkommenssteuererkl\u00e4rung angegeben werden k\u00f6nnen.<\/p>\n<p>Diese Homepage wird weiter ausgebaut und aktualisiert. Schauen sie daher regelm\u00e4\u00dfig vorbei.<\/p>\n<p><b>\u00a0<\/b><\/p>\n\n\n<div class=\"wp-block-columns is-layout-flex wp-container-core-columns-is-layout-1 wp-block-columns-is-layout-flex\">\n<div class=\"wp-block-column is-layout-flow wp-block-column-is-layout-flow\" style=\"flex-basis:100%\">\n<figure class=\"wp-block-gallery has-nested-images columns-default is-cropped wp-block-gallery-1 is-layout-flex wp-block-gallery-is-layout-flex\">\n<figure class=\"wp-block-image size-large\"><a href=\"http:\/\/foerderverein-ruegland.de\/wp-content\/uploads\/2025\/03\/Unbenannt7-e1741171274536.jpg\"><img loading=\"lazy\" decoding=\"async\" width=\"768\" height=\"1024\" src=\"http:\/\/foerderverein-ruegland.de\/wp-content\/uploads\/2025\/03\/Unbenannt7-768x1024.jpg\" alt=\"\" class=\"wp-image-498\"\/><\/a><\/figure>\n<\/figure>\n<\/div>\n<\/div>\n\n\n\n<figure class=\"wp-block-gallery has-nested-images columns-default is-cropped wp-block-gallery-2 is-layout-flex wp-block-gallery-is-layout-flex\">\n<figure class=\"wp-block-image size-large\"><a href=\"http:\/\/foerderverein-ruegland.de\/wp-content\/uploads\/2025\/03\/Unbenannt6-e1741171968215.jpg\"><img loading=\"lazy\" decoding=\"async\" width=\"1024\" height=\"576\" data-id=\"497\" src=\"http:\/\/foerderverein-ruegland.de\/wp-content\/uploads\/2025\/03\/Unbenannt6-1024x576.jpg\" alt=\"\" class=\"wp-image-497\"\/><\/a><\/figure>\n<\/figure>\n\n\n\n<figure class=\"wp-block-gallery has-nested-images columns-default is-cropped wp-block-gallery-3 is-layout-flex wp-block-gallery-is-layout-flex\">\n<figure class=\"wp-block-image size-large\"><a href=\"http:\/\/foerderverein-ruegland.de\/wp-content\/uploads\/2025\/03\/Unbenannt2-e1741172130959.jpg\"><img loading=\"lazy\" decoding=\"async\" width=\"856\" height=\"1024\" data-id=\"493\" src=\"http:\/\/foerderverein-ruegland.de\/wp-content\/uploads\/2025\/03\/Unbenannt2-856x1024.jpg\" alt=\"\" class=\"wp-image-493\"\/><\/a><\/figure>\n<\/figure>\n\n\n\n<figure class=\"wp-block-gallery has-nested-images columns-default is-cropped wp-block-gallery-4 is-layout-flex wp-block-gallery-is-layout-flex\">\n<figure class=\"wp-block-image size-large\"><a href=\"http:\/\/foerderverein-ruegland.de\/wp-content\/uploads\/2025\/03\/Unbenannt3-e1741172157323.jpg\"><img loading=\"lazy\" decoding=\"async\" width=\"768\" height=\"1024\" data-id=\"494\" src=\"http:\/\/foerderverein-ruegland.de\/wp-content\/uploads\/2025\/03\/Unbenannt3-768x1024.jpg\" alt=\"\" class=\"wp-image-494\"\/><\/a><\/figure>\n<\/figure>\n\n\n\n<figure class=\"wp-block-gallery has-nested-images columns-default is-cropped wp-block-gallery-5 is-layout-flex wp-block-gallery-is-layout-flex\">\n<figure class=\"wp-block-image size-large\"><a href=\"http:\/\/foerderverein-ruegland.de\/wp-content\/uploads\/2025\/03\/Unbenannt-e1741172184118.jpg\"><img loading=\"lazy\" decoding=\"async\" width=\"1024\" height=\"750\" data-id=\"492\" src=\"http:\/\/foerderverein-ruegland.de\/wp-content\/uploads\/2025\/03\/Unbenannt-1024x750.jpg\" alt=\"\" class=\"wp-image-492\"\/><\/a><\/figure>\n<\/figure>\n\n\n\n<div class=\"wp-block-columns is-layout-flex wp-container-core-columns-is-layout-2 wp-block-columns-is-layout-flex\">\n<div class=\"wp-block-column is-layout-flow wp-block-column-is-layout-flow\" style=\"flex-basis:100%\">\n<figure class=\"wp-block-gallery has-nested-images columns-default is-cropped wp-block-gallery-6 is-layout-flex wp-block-gallery-is-layout-flex\">\n<figure class=\"wp-block-image size-large\"><a href=\"http:\/\/foerderverein-ruegland.de\/wp-content\/uploads\/2025\/03\/Unbenannt4-e1741172207252.jpg\"><img loading=\"lazy\" decoding=\"async\" width=\"1024\" height=\"576\" src=\"http:\/\/foerderverein-ruegland.de\/wp-content\/uploads\/2025\/03\/Unbenannt4-1024x576.jpg\" alt=\"\" class=\"wp-image-495\"\/><\/a><\/figure>\n<\/figure>\n<\/div>\n<\/div>\n","protected":false},"excerpt":{"rendered":"<p>Herzlich willkommen auf den Internetseiten des F\u00f6rdervereins f\u00fcr Kinder- und Jugendarbeit R\u00fcgland e.V. \u00a0 Der F\u00f6rderverein f\u00fcr Kinder\u2013 und Jugendarbeit ist aus einer Initiative von interessierten Familien hervorgegangen, um die [&hellip;]<\/p>\n","protected":false},"author":1,"featured_media":0,"parent":0,"menu_order":0,"comment_status":"closed","ping_status":"closed","template":"","meta":{"footnotes":""},"_links":{"self":[{"href":"https:\/\/foerderverein-ruegland.de\/index.php?rest_route=\/wp\/v2\/pages\/15"}],"collection":[{"href":"https:\/\/foerderverein-ruegland.de\/index.php?rest_route=\/wp\/v2\/pages"}],"about":[{"href":"https:\/\/foerderverein-ruegland.de\/index.php?rest_route=\/wp\/v2\/types\/page"}],"author":[{"embeddable":true,"href":"https:\/\/foerderverein-ruegland.de\/index.php?rest_route=\/wp\/v2\/users\/1"}],"replies":[{"embeddable":true,"href":"https:\/\/foerderverein-ruegland.de\/index.php?rest_route=%2Fwp%2Fv2%2Fcomments&post=15"}],"version-history":[{"count":27,"href":"https:\/\/foerderverein-ruegland.de\/index.php?rest_route=\/wp\/v2\/pages\/15\/revisions"}],"predecessor-version":[{"id":502,"href":"https:\/\/foerderverein-ruegland.de\/index.php?rest_route=\/wp\/v2\/pages\/15\/revisions\/502"}],"wp:attachment":[{"href":"https:\/\/foerderverein-ruegland.de\/index.php?rest_route=%2Fwp%2Fv2%2Fmedia&parent=15"}],"curies":[{"name":"wp","href":"https:\/\/api.w.org\/{rel}","templated":true}]}}