{"id":304,"date":"2018-04-13T17:42:16","date_gmt":"2018-04-13T15:42:16","guid":{"rendered":"http:\/\/foerderverein-ruegland.de\/?page_id=304"},"modified":"2024-02-14T21:49:41","modified_gmt":"2024-02-14T20:49:41","slug":"ferienprogramm-2","status":"publish","type":"page","link":"https:\/\/foerderverein-ruegland.de\/?page_id=304","title":{"rendered":"Ferienprogramm"},"content":{"rendered":"<p>Wir sind im Koordinationskreis f\u00fcr das Ferienprogramm der Gemeinde R\u00fcgland aktiv, das Sommerferienprogramm 2024 zu erstellen.<\/p>\n<p>Link zur Umfrage f\u00fcr das Sommerferienprogramm:<\/p>\n<p>Erst verf\u00fcgbar nach Abschluss des aktuelles Ferienprogrammes.<\/p>\n","protected":false},"excerpt":{"rendered":"<p>Wir sind im Koordinationskreis f\u00fcr das Ferienprogramm der Gemeinde R\u00fcgland aktiv, das Sommerferienprogramm 2024 zu erstellen. Link zur Umfrage f\u00fcr das Sommerferienprogramm: Erst verf\u00fcgbar nach Abschluss des aktuelles Ferienprogrammes.<\/p>\n","protected":false},"author":1,"featured_media":0,"parent":0,"menu_order":0,"comment_status":"closed","ping_status":"closed","template":"","meta":{"footnotes":""},"_links":{"self":[{"href":"https:\/\/foerderverein-ruegland.de\/index.php?rest_route=\/wp\/v2\/pages\/304"}],"collection":[{"href":"https:\/\/foerderverein-ruegland.de\/index.php?rest_route=\/wp\/v2\/pages"}],"about":[{"href":"https:\/\/foerderverein-ruegland.de\/index.php?rest_route=\/wp\/v2\/types\/page"}],"author":[{"embeddable":true,"href":"https:\/\/foerderverein-ruegland.de\/index.php?rest_route=\/wp\/v2\/users\/1"}],"replies":[{"embeddable":true,"href":"https:\/\/foerderverein-ruegland.de\/index.php?rest_route=%2Fwp%2Fv2%2Fcomments&post=304"}],"version-history":[{"count":3,"href":"https:\/\/foerderverein-ruegland.de\/index.php?rest_route=\/wp\/v2\/pages\/304\/revisions"}],"predecessor-version":[{"id":411,"href":"https:\/\/foerderverein-ruegland.de\/index.php?rest_route=\/wp\/v2\/pages\/304\/revisions\/411"}],"wp:attachment":[{"href":"https:\/\/foerderverein-ruegland.de\/index.php?rest_route=%2Fwp%2Fv2%2Fmedia&parent=304"}],"curies":[{"name":"wp","href":"https:\/\/api.w.org\/{rel}","templated":true}]}}